{"id":11,"date":"2018-06-16T02:05:47","date_gmt":"2018-06-16T02:05:47","guid":{"rendered":"https:\/\/www.teklinealarmes.com.br\/site\/?page_id=11"},"modified":"2019-01-23T11:39:02","modified_gmt":"2019-01-23T13:39:02","slug":"servicos","status":"publish","type":"page","link":"https:\/\/www.teklinealarmes.com.br\/site\/servicos\/","title":{"rendered":"Servi\u00e7os"},"content":{"rendered":"<p>Atuamos nas \u00e1reas de alarmes comercial e residencial, c\u00e2meras de seguran\u00e7a(CFTV), cercas eletr\u00f4nicas, centrais telef\u00f4nicas, trabalhamos com as principais marcas do mercado tais como Paradox, Intelbras, Visionbras, JFL marcas que transmitem confian\u00e7a e seriedade com os clientes.<\/p>\n<p><img decoding=\"async\" loading=\"lazy\" class=\"wp-image-69 size-full aligncenter\" src=\"https:\/\/www.teklinealarmes.com.br\/site\/wp-content\/uploads\/2019\/01\/logos.png\" alt=\"\" width=\"800\" height=\"320\" srcset=\"https:\/\/www.teklinealarmes.com.br\/site\/wp-content\/uploads\/2019\/01\/logos.png 800w, https:\/\/www.teklinealarmes.com.br\/site\/wp-content\/uploads\/2019\/01\/logos-300x120.png 300w, https:\/\/www.teklinealarmes.com.br\/site\/wp-content\/uploads\/2019\/01\/logos-768x307.png 768w\" sizes=\"(max-width: 800px) 100vw, 800px\"  loading=\"lazy\" \/><\/p>\n<div style=\"display: none;\">\n<p>seguran\u00e7a eletr\u00f4nica frederico westphalen c\u00e2meras de seguran\u00e7a frederico westphalen, inform\u00e1tica em frederico westphalen, tekline, frederico westphalen RS, tekline e central telef\u00f4nica frederico westphalen<\/p>\n<h1>tekline em frederico westphalen,\u00a0inform\u00e1tica frederico westphalen, c\u00e2meras de seguran\u00e7a frederico westphalen,<\/h1>\n<h2>tekline em frederico westphalen, seguran\u00e7a eletr\u00f4nica frederico westphalen e regi\u00e3o, c\u00e2meras de seguran\u00e7a frederico westphalen em frederico westphalen, tekline inform\u00e1tica frederico westphalen, tekline em frederico westphalen rs, tekline, para frederico westphalen e regi\u00e3o, tekline para frederico westphalen e regi\u00e3o\u00a0central telef\u00f4nica frederico westphalen de tekline em frederico westphalen, seguran\u00e7a eletr\u00f4nica frederico westphalen e regi\u00e3o, c\u00e2meras de seguran\u00e7a frederico westphalen em frederico westphalen, tekline inform\u00e1tica frederico westphalen, tekline em frederico westphalen rs, tekline,<a title=\"central telef\u00f4nica frederico westphalen de tekline em frederico westphalen, seguran\u00e7a eletr\u00f4nica frederico westphalen e regi\u00e3o, c\u00e2meras de seguran\u00e7a frederico westphalen em frederico westphalen, tekline inform\u00e1tica frederico westphalen, tekline em frederico westphalen rs, tekline, para frederico westphalen e regi\u00e3o, tekline para frederico westphalen e regi\u00e3o\" href=\"http:\/\/www.teklinealarmes.com.br\">para frederico westphalen e regi\u00e3o, tekline para frederico westphalen e regi\u00e3o\u00a0central telef\u00f4nica frederico westphalen de tekline em frederico westphalen, seguran\u00e7a eletr\u00f4nica frederico westphalen e regi\u00e3o, c\u00e2meras de seguran\u00e7a frederico westphalen em frederico westphalen, tekline inform\u00e1tica frederico westphalen, tekline em frederico westphalen rs, tekline<\/a>, para frederico westphalen e regi\u00e3o, tekline para frederico westphalen e regi\u00e3o\u00a0central telef\u00f4nica frederico westphalen de tekline em frederico westphalen, seguran\u00e7a eletr\u00f4nica frederico westphalen e regi\u00e3o, c\u00e2meras de seguran\u00e7a frederico westphalen em frederico westphalen, tekline inform\u00e1tica frederico westphalen, tekline em frederico westphalen rs, tekline, para frederico westphalen e regi\u00e3o, tekline para frederico westphalen e regi\u00e3o\u00a0central telef\u00f4nica frederico westphalen de tekline em frederico westphalen, seguran\u00e7a eletr\u00f4nica frederico westphalen e regi\u00e3o, c\u00e2meras de seguran\u00e7a frederico westphalen em frederico westphalen, tekline inform\u00e1tica frederico westphalen, tekline em frederico westphalen rs, tekline, para frederico westphalen e regi\u00e3o,<a title=\"central telef\u00f4nica frederico westphalen de tekline em frederico westphalen, seguran\u00e7a eletr\u00f4nica frederico westphalen e regi\u00e3o, c\u00e2meras de seguran\u00e7a frederico westphalen em frederico westphalen, tekline inform\u00e1tica frederico westphalen, tekline em frederico westphalen rs, tekline, para frederico westphalen e regi\u00e3o, tekline para frederico westphalen e regi\u00e3o\" href=\"https:\/\/www.teklinealarmes.com.br\/site\">tekline para frederico westphalen e regi\u00e3o\u00a0central telef\u00f4nica frederico westphalen de tekline em frederico westphalen, seguran\u00e7a eletr\u00f4nica frederico westphalen e regi\u00e3o, cria\u00e7\u00e3o de sit<\/a>es em frederico westphalen, tekline inform\u00e1tica frederico westphalen, tekline em frederico westphalen rs, tekline, para frederico westphalen e regi\u00e3o, tekline para frederico westphalen e regi\u00e3o<\/h2>\n<div id=\"attachment_747\" style=\"width: 353px\" class=\"wp-caption aligncenter\"><a href=\"https:\/\/www.teklinealarmes.com.br\/site\/wp-content\/uploads\/2013\/06\/per\u00edcia-m\u00e9dica-passo-fundo-rs.jpg\"><img aria-describedby=\"caption-attachment-747\" decoding=\"async\" loading=\"lazy\" class=\"size-full wp-image-747 \" title=\"central telef\u00f4nica frederico westphalen de tekline em frederico westphalen\" src=\"https:\/\/www.teklinealarmes.com.br\/site\/wp-content\/uploads\/2013\/06\/per\u00edcia-m\u00e9dica-passo-fundo-rs.jpg\" alt=\"central telef\u00f4nica frederico westphalen de tekline em frederico westphalen\" width=\"343\" height=\"300\"  loading=\"lazy\" \/><\/a><p id=\"caption-attachment-747\" class=\"wp-caption-text\">central telef\u00f4nica frederico westphalen de tekline em frederico westphalen<\/p><\/div>\n<\/div>\n","protected":false},"excerpt":{"rendered":"<p>Atuamos nas \u00e1reas de alarmes comercial e residencial, c\u00e2meras de seguran\u00e7a(CFTV), cercas eletr\u00f4nicas, centrais telef\u00f4nicas, [&hellip;]<\/p>\n","protected":false},"author":1,"featured_media":0,"parent":0,"menu_order":0,"comment_status":"closed","ping_status":"closed","template":"","meta":[],"_links":{"self":[{"href":"https:\/\/www.teklinealarmes.com.br\/site\/wp-json\/wp\/v2\/pages\/11"}],"collection":[{"href":"https:\/\/www.teklinealarmes.com.br\/site\/wp-json\/wp\/v2\/pages"}],"about":[{"href":"https:\/\/www.teklinealarmes.com.br\/site\/wp-json\/wp\/v2\/types\/page"}],"author":[{"embeddable":true,"href":"https:\/\/www.teklinealarmes.com.br\/site\/wp-json\/wp\/v2\/users\/1"}],"replies":[{"embeddable":true,"href":"https:\/\/www.teklinealarmes.com.br\/site\/wp-json\/wp\/v2\/comments?post=11"}],"version-history":[{"count":5,"href":"https:\/\/www.teklinealarmes.com.br\/site\/wp-json\/wp\/v2\/pages\/11\/revisions"}],"predecessor-version":[{"id":70,"href":"https:\/\/www.teklinealarmes.com.br\/site\/wp-json\/wp\/v2\/pages\/11\/revisions\/70"}],"wp:attachment":[{"href":"https:\/\/www.teklinealarmes.com.br\/site\/wp-json\/wp\/v2\/media?parent=11"}],"curies":[{"name":"wp","href":"https:\/\/api.w.org\/{rel}","templated":true}]}}