{"id":17,"date":"2018-06-16T02:06:44","date_gmt":"2018-06-16T02:06:44","guid":{"rendered":"https:\/\/www.teklinealarmes.com.br\/site\/?page_id=17"},"modified":"2018-07-06T11:21:17","modified_gmt":"2018-07-06T14:21:17","slug":"area-do-cliente","status":"publish","type":"page","link":"https:\/\/www.teklinealarmes.com.br\/site\/area-do-cliente\/","title":{"rendered":"\u00c1rea do Cliente"},"content":{"rendered":"<div style=\"display: none;\">\n<p>seguran\u00e7a eletr\u00f4nica frederico westphalen c\u00e2meras de seguran\u00e7a frederico westphalen, inform\u00e1tica em frederico westphalen, tekline, frederico westphalen RS, tekline e alarmes comercial e residencial frederico westphalen<\/p>\n<h1>tekline em frederico westphalen,\u00a0inform\u00e1tica frederico westphalen, c\u00e2meras de seguran\u00e7a frederico westphalen,<\/h1>\n<h2>tekline em frederico westphalen, seguran\u00e7a eletr\u00f4nica frederico westphalen e regi\u00e3o, c\u00e2meras de seguran\u00e7a frederico westphalen em frederico westphalen, tekline inform\u00e1tica frederico westphalen, tekline em frederico westphalen rs, tekline, para frederico westphalen e regi\u00e3o, tekline para frederico westphalen e regi\u00e3o\u00a0alarmes comercial e residencial frederico westphalen de tekline em frederico westphalen, seguran\u00e7a eletr\u00f4nica frederico westphalen e regi\u00e3o, c\u00e2meras de seguran\u00e7a frederico westphalen em frederico westphalen, tekline inform\u00e1tica frederico westphalen, tekline em frederico westphalen rs, tekline,<a title=\"alarmes comercial e residencial frederico westphalen de tekline em frederico westphalen, seguran\u00e7a eletr\u00f4nica frederico westphalen e regi\u00e3o, c\u00e2meras de seguran\u00e7a frederico westphalen em frederico westphalen, tekline inform\u00e1tica frederico westphalen, tekline em frederico westphalen rs, tekline, para frederico westphalen e regi\u00e3o, tekline para frederico westphalen e regi\u00e3o\" href=\"http:\/\/www.teklinealarmes.com.br\">para frederico westphalen e regi\u00e3o, tekline para frederico westphalen e regi\u00e3o\u00a0alarmes comercial e residencial frederico westphalen de tekline em frederico westphalen, seguran\u00e7a eletr\u00f4nica frederico westphalen e regi\u00e3o, c\u00e2meras de seguran\u00e7a frederico westphalen em frederico westphalen, tekline inform\u00e1tica frederico westphalen, tekline em frederico westphalen rs, tekline<\/a>, para frederico westphalen e regi\u00e3o, tekline para frederico westphalen e regi\u00e3o\u00a0alarmes comercial e residencial frederico westphalen de tekline em frederico westphalen, seguran\u00e7a eletr\u00f4nica frederico westphalen e regi\u00e3o, c\u00e2meras de seguran\u00e7a frederico westphalen em frederico westphalen, tekline inform\u00e1tica frederico westphalen, tekline em frederico westphalen rs, tekline, para frederico westphalen e regi\u00e3o, tekline para frederico westphalen e regi\u00e3o\u00a0alarmes comercial e residencial frederico westphalen de tekline em frederico westphalen, seguran\u00e7a eletr\u00f4nica frederico westphalen e regi\u00e3o, c\u00e2meras de seguran\u00e7a frederico westphalen em frederico westphalen, tekline inform\u00e1tica frederico westphalen, tekline em frederico westphalen rs, tekline, para frederico westphalen e regi\u00e3o,<a title=\"alarmes comercial e residencial frederico westphalen de tekline em frederico westphalen, seguran\u00e7a eletr\u00f4nica frederico westphalen e regi\u00e3o, c\u00e2meras de seguran\u00e7a frederico westphalen em frederico westphalen, tekline inform\u00e1tica frederico westphalen, tekline em frederico westphalen rs, tekline, para frederico westphalen e regi\u00e3o, tekline para frederico westphalen e regi\u00e3o\" href=\"https:\/\/www.teklinealarmes.com.br\/site\">tekline para frederico westphalen e regi\u00e3o\u00a0alarmes comercial e residencial frederico westphalen de tekline em frederico westphalen, seguran\u00e7a eletr\u00f4nica frederico westphalen e regi\u00e3o, cria\u00e7\u00e3o de sit<\/a>es em frederico westphalen, tekline inform\u00e1tica frederico westphalen, tekline em frederico westphalen rs, tekline, para frederico westphalen e regi\u00e3o, tekline para frederico westphalen e regi\u00e3o<\/h2>\n<div id=\"attachment_747\" style=\"width: 353px\" class=\"wp-caption aligncenter\"><a href=\"https:\/\/www.teklinealarmes.com.br\/site\/wp-content\/uploads\/2013\/06\/per\u00edcia-m\u00e9dica-passo-fundo-rs.jpg\"><img aria-describedby=\"caption-attachment-747\" decoding=\"async\" loading=\"lazy\" class=\"size-full wp-image-747 \" title=\"alarmes comercial e residencial frederico westphalen de tekline em frederico westphalen\" src=\"https:\/\/www.teklinealarmes.com.br\/site\/wp-content\/uploads\/2013\/06\/per\u00edcia-m\u00e9dica-passo-fundo-rs.jpg\" alt=\"alarmes comercial e residencial frederico westphalen de tekline em frederico westphalen\" width=\"343\" height=\"300\"  loading=\"lazy\" \/><\/a><p id=\"caption-attachment-747\" class=\"wp-caption-text\">alarmes comercial e residencial frederico westphalen de tekline em frederico westphalen<\/p><\/div>\n<\/div>\n","protected":false},"excerpt":{"rendered":"<p>seguran\u00e7a eletr\u00f4nica frederico westphalen c\u00e2meras de seguran\u00e7a frederico westphalen, inform\u00e1tica em frederico westphalen, tekline, frederico [&hellip;]<\/p>\n","protected":false},"author":1,"featured_media":0,"parent":0,"menu_order":0,"comment_status":"closed","ping_status":"closed","template":"template-area-do-cliente.php","meta":[],"_links":{"self":[{"href":"https:\/\/www.teklinealarmes.com.br\/site\/wp-json\/wp\/v2\/pages\/17"}],"collection":[{"href":"https:\/\/www.teklinealarmes.com.br\/site\/wp-json\/wp\/v2\/pages"}],"about":[{"href":"https:\/\/www.teklinealarmes.com.br\/site\/wp-json\/wp\/v2\/types\/page"}],"author":[{"embeddable":true,"href":"https:\/\/www.teklinealarmes.com.br\/site\/wp-json\/wp\/v2\/users\/1"}],"replies":[{"embeddable":true,"href":"https:\/\/www.teklinealarmes.com.br\/site\/wp-json\/wp\/v2\/comments?post=17"}],"version-history":[{"count":3,"href":"https:\/\/www.teklinealarmes.com.br\/site\/wp-json\/wp\/v2\/pages\/17\/revisions"}],"predecessor-version":[{"id":65,"href":"https:\/\/www.teklinealarmes.com.br\/site\/wp-json\/wp\/v2\/pages\/17\/revisions\/65"}],"wp:attachment":[{"href":"https:\/\/www.teklinealarmes.com.br\/site\/wp-json\/wp\/v2\/media?parent=17"}],"curies":[{"name":"wp","href":"https:\/\/api.w.org\/{rel}","templated":true}]}}