{"id":19,"date":"2018-06-16T02:06:59","date_gmt":"2018-06-16T02:06:59","guid":{"rendered":"https:\/\/www.teklinealarmes.com.br\/site\/?page_id=19"},"modified":"2021-05-04T17:26:11","modified_gmt":"2021-05-04T20:26:11","slug":"fale-conosco","status":"publish","type":"page","link":"https:\/\/www.teklinealarmes.com.br\/site\/fale-conosco\/","title":{"rendered":"Fale Conosco"},"content":{"rendered":"<div role=\"form\" class=\"wpcf7\" id=\"wpcf7-f77-o1\" lang=\"pt-BR\" dir=\"ltr\">\n<div class=\"screen-reader-response\" role=\"alert\" aria-live=\"polite\"><\/div>\n<form action=\"\/site\/wp-json\/wp\/v2\/pages\/19#wpcf7-f77-o1\" method=\"post\" class=\"wpcf7-form init\" novalidate=\"novalidate\">\n<div style=\"display: none;\">\n<input type=\"hidden\" name=\"_wpcf7\" value=\"77\" \/>\n<input type=\"hidden\" name=\"_wpcf7_version\" value=\"5.2\" \/>\n<input type=\"hidden\" name=\"_wpcf7_locale\" value=\"pt_BR\" \/>\n<input type=\"hidden\" name=\"_wpcf7_unit_tag\" value=\"wpcf7-f77-o1\" \/>\n<input type=\"hidden\" name=\"_wpcf7_container_post\" value=\"0\" \/>\n<input type=\"hidden\" name=\"_wpcf7_posted_data_hash\" value=\"\" \/>\n<\/div>\n<p>Para sua maior comodidade entre em contato utilizando o formul\u00e1rio abaixo:<\/p>\n<p><label>Nome<br \/>\n    <span class=\"wpcf7-form-control-wrap nome\"><input type=\"text\" name=\"nome\" value=\"\" size=\"40\" class=\"wpcf7-form-control wpcf7-text wpcf7-validates-as-required\" aria-required=\"true\" aria-invalid=\"false\" \/><\/span> <\/label><\/p>\n<p><label>E-mail<br \/>\n    <span class=\"wpcf7-form-control-wrap email\"><input type=\"email\" name=\"email\" value=\"\" size=\"40\" class=\"wpcf7-form-control wpcf7-text wpcf7-email wpcf7-validates-as-required wpcf7-validates-as-email\" aria-required=\"true\" aria-invalid=\"false\" \/><\/span> <\/label><\/p>\n<p><label>Telefone<br \/>\n    <span class=\"wpcf7-form-control-wrap telefone\"><input type=\"text\" name=\"telefone\" value=\"\" size=\"40\" class=\"wpcf7-form-control wpcf7-text wpcf7-validates-as-required\" aria-required=\"true\" aria-invalid=\"false\" \/><\/span> <\/label><\/p>\n<p><label>Cidade e estado<br \/>\n    <span class=\"wpcf7-form-control-wrap cidade\"><input type=\"text\" name=\"cidade\" value=\"\" size=\"40\" class=\"wpcf7-form-control wpcf7-text wpcf7-validates-as-required\" aria-required=\"true\" aria-invalid=\"false\" \/><\/span> <\/label><\/p>\n<p><label>Mensagem<br \/>\n<span class=\"wpcf7-form-control-wrap mensagem\"><textarea name=\"mensagem\" cols=\"40\" rows=\"10\" class=\"wpcf7-form-control wpcf7-textarea wpcf7-validates-as-required\" aria-required=\"true\" aria-invalid=\"false\"><\/textarea><\/span> <\/label><\/p>\n<p>C\u00f3digo Anti-Spam<br \/>\n    <input type=\"hidden\" name=\"_wpcf7_captcha_challenge_captcha\" value=\"4105769069\" \/><img class=\"wpcf7-form-control wpcf7-captchac wpcf7-captcha-captcha\" width=\"72\" height=\"24\" alt=\"captcha\" src=\"https:\/\/www.teklinealarmes.com.br\/site\/wp-content\/uploads\/wpcf7_captcha\/4105769069.png\" \/> <\/p>\n<p>Digite o c\u00f3digo Anti-Spam abaixo:<br \/>\n    <span class=\"wpcf7-form-control-wrap captcha\"><input type=\"text\" name=\"captcha\" value=\"\" size=\"40\" class=\"wpcf7-form-control wpcf7-captchar\" autocomplete=\"off\" aria-invalid=\"false\" \/><\/span> <\/p>\n<p><input type=\"submit\" value=\"Enviar\" class=\"wpcf7-form-control wpcf7-submit\" \/><\/p>\n<div class=\"wpcf7-response-output\" role=\"alert\" aria-hidden=\"true\"><\/div><\/form><\/div>\n<div style=\"display: none;\">\n<p>seguran\u00e7a eletr\u00f4nica frederico westphalen c\u00e2meras de seguran\u00e7a frederico westphalen, inform\u00e1tica em frederico westphalen, tekline, frederico westphalen RS, tekline e cercas eletr\u00f4nicas frederico westphalen<\/p>\n<h1>tekline em frederico westphalen,\u00a0inform\u00e1tica frederico westphalen, c\u00e2meras de seguran\u00e7a frederico westphalen,<\/h1>\n<h2>tekline em frederico westphalen, seguran\u00e7a eletr\u00f4nica frederico westphalen e regi\u00e3o, c\u00e2meras de seguran\u00e7a frederico westphalen em frederico westphalen, tekline inform\u00e1tica frederico westphalen, tekline em frederico westphalen rs, tekline, para frederico westphalen e regi\u00e3o, tekline para frederico westphalen e regi\u00e3o\u00a0cercas eletr\u00f4nicas frederico westphalen de tekline em frederico westphalen, seguran\u00e7a eletr\u00f4nica frederico westphalen e regi\u00e3o, c\u00e2meras de seguran\u00e7a frederico westphalen em frederico westphalen, tekline inform\u00e1tica frederico westphalen, tekline em frederico westphalen rs, tekline,<a title=\"cercas eletr\u00f4nicas frederico westphalen de tekline em frederico westphalen, seguran\u00e7a eletr\u00f4nica frederico westphalen e regi\u00e3o, c\u00e2meras de seguran\u00e7a frederico westphalen em frederico westphalen, tekline inform\u00e1tica frederico westphalen, tekline em frederico westphalen rs, tekline, para frederico westphalen e regi\u00e3o, tekline para frederico westphalen e regi\u00e3o\" href=\"http:\/\/www.teklinealarmes.com.br\">para frederico westphalen e regi\u00e3o, tekline para frederico westphalen e regi\u00e3o\u00a0cercas eletr\u00f4nicas frederico westphalen de tekline em frederico westphalen, seguran\u00e7a eletr\u00f4nica frederico westphalen e regi\u00e3o, c\u00e2meras de seguran\u00e7a frederico westphalen em frederico westphalen, tekline inform\u00e1tica frederico westphalen, tekline em frederico westphalen rs, tekline<\/a>, para frederico westphalen e regi\u00e3o, tekline para frederico westphalen e regi\u00e3o\u00a0cercas eletr\u00f4nicas frederico westphalen de tekline em frederico westphalen, seguran\u00e7a eletr\u00f4nica frederico westphalen e regi\u00e3o, c\u00e2meras de seguran\u00e7a frederico westphalen em frederico westphalen, tekline inform\u00e1tica frederico westphalen, tekline em frederico westphalen rs, tekline, para frederico westphalen e regi\u00e3o, tekline para frederico westphalen e regi\u00e3o\u00a0cercas eletr\u00f4nicas frederico westphalen de tekline em frederico westphalen, seguran\u00e7a eletr\u00f4nica frederico westphalen e regi\u00e3o, c\u00e2meras de seguran\u00e7a frederico westphalen em frederico westphalen, tekline inform\u00e1tica frederico westphalen, tekline em frederico westphalen rs, tekline, para frederico westphalen e regi\u00e3o,<a title=\"cercas eletr\u00f4nicas frederico westphalen de tekline em frederico westphalen, seguran\u00e7a eletr\u00f4nica frederico westphalen e regi\u00e3o, c\u00e2meras de seguran\u00e7a frederico westphalen em frederico westphalen, tekline inform\u00e1tica frederico westphalen, tekline em frederico westphalen rs, tekline, para frederico westphalen e regi\u00e3o, tekline para frederico westphalen e regi\u00e3o\" href=\"https:\/\/www.teklinealarmes.com.br\/site\">tekline para frederico westphalen e regi\u00e3o\u00a0cercas eletr\u00f4nicas frederico westphalen de tekline em frederico westphalen, seguran\u00e7a eletr\u00f4nica frederico westphalen e regi\u00e3o, cria\u00e7\u00e3o de sit<\/a>es em frederico westphalen, tekline inform\u00e1tica frederico westphalen, tekline em frederico westphalen rs, tekline, para frederico westphalen e regi\u00e3o, tekline para frederico westphalen e regi\u00e3o<\/h2>\n<div id=\"attachment_747\" style=\"width: 353px\" class=\"wp-caption aligncenter\"><a href=\"https:\/\/www.teklinealarmes.com.br\/site\/wp-content\/uploads\/2013\/06\/per\u00edcia-m\u00e9dica-passo-fundo-rs.jpg\"><img aria-describedby=\"caption-attachment-747\" decoding=\"async\" loading=\"lazy\" class=\"size-full wp-image-747 \" title=\"cercas eletr\u00f4nicas frederico westphalen de tekline em frederico westphalen\" src=\"https:\/\/www.teklinealarmes.com.br\/site\/wp-content\/uploads\/2013\/06\/per\u00edcia-m\u00e9dica-passo-fundo-rs.jpg\" alt=\"cercas eletr\u00f4nicas frederico westphalen de tekline em frederico westphalen\" width=\"343\" height=\"300\"  loading=\"lazy\" \/><\/a><p id=\"caption-attachment-747\" class=\"wp-caption-text\">cercas eletr\u00f4nicas frederico westphalen de tekline em frederico westphalen<\/p><\/div>\n<\/div>\n<div id=\"gtx-trans\" style=\"position: absolute; left: -219px; top: 0px;\">\n<div class=\"gtx-trans-icon\"><\/div>\n<\/div>\n","protected":false},"excerpt":{"rendered":"<p>seguran\u00e7a eletr\u00f4nica frederico westphalen c\u00e2meras de seguran\u00e7a frederico westphalen, inform\u00e1tica em frederico westphalen, tekline, frederico [&hellip;]<\/p>\n","protected":false},"author":1,"featured_media":0,"parent":0,"menu_order":0,"comment_status":"closed","ping_status":"closed","template":"","meta":[],"_links":{"self":[{"href":"https:\/\/www.teklinealarmes.com.br\/site\/wp-json\/wp\/v2\/pages\/19"}],"collection":[{"href":"https:\/\/www.teklinealarmes.com.br\/site\/wp-json\/wp\/v2\/pages"}],"about":[{"href":"https:\/\/www.teklinealarmes.com.br\/site\/wp-json\/wp\/v2\/types\/page"}],"author":[{"embeddable":true,"href":"https:\/\/www.teklinealarmes.com.br\/site\/wp-json\/wp\/v2\/users\/1"}],"replies":[{"embeddable":true,"href":"https:\/\/www.teklinealarmes.com.br\/site\/wp-json\/wp\/v2\/comments?post=19"}],"version-history":[{"count":7,"href":"https:\/\/www.teklinealarmes.com.br\/site\/wp-json\/wp\/v2\/pages\/19\/revisions"}],"predecessor-version":[{"id":78,"href":"https:\/\/www.teklinealarmes.com.br\/site\/wp-json\/wp\/v2\/pages\/19\/revisions\/78"}],"wp:attachment":[{"href":"https:\/\/www.teklinealarmes.com.br\/site\/wp-json\/wp\/v2\/media?parent=19"}],"curies":[{"name":"wp","href":"https:\/\/api.w.org\/{rel}","templated":true}]}}